{"id":725,"date":"2025-12-11T01:36:34","date_gmt":"2025-12-11T01:36:34","guid":{"rendered":"http:\/\/cirujanoalejandroaceves.com\/?page_id=725"},"modified":"2026-02-10T02:00:40","modified_gmt":"2026-02-10T02:00:40","slug":"servicios","status":"publish","type":"page","link":"https:\/\/cirujanoalejandroaceves.com\/en\/servicios\/","title":{"rendered":"services"},"content":{"rendered":"<div data-elementor-type=\"wp-page\" data-elementor-id=\"725\" class=\"elementor elementor-725\" data-elementor-post-type=\"page\">\n\t\t\t\t<div class=\"elementor-element elementor-element-7b82b76 e-flex e-con-boxed e-con e-parent\" data-id=\"7b82b76\" data-element_type=\"container\" data-e-type=\"container\" data-settings=\"{&quot;background_background&quot;:&quot;classic&quot;}\">\n\t\t\t\t\t<div class=\"e-con-inner\">\n\t\t<div class=\"elementor-element elementor-element-09bf68e e-con-full e-flex e-con e-child\" data-id=\"09bf68e\" data-element_type=\"container\" data-e-type=\"container\">\n\t\t\t\t<div class=\"elementor-element elementor-element-169784c elementor-widget__width-initial elementor-widget-tablet__width-initial elementor-widget elementor-widget-elementskit-heading\" data-id=\"169784c\" data-element_type=\"widget\" data-e-type=\"widget\" data-widget_type=\"elementskit-heading.default\">\n\t\t\t\t\t<div class=\"ekit-wid-con\" ><div class=\"ekit-heading elementskit-section-title-wraper text_left   ekit_heading_tablet-   ekit_heading_mobile-\"><span class=\"elementskit-section-subtitle  elementskit-style-border\">\n\t\t\t\t\t\tTu futuro en manos expertas.\n\t\t\t\t\t<\/span><h2 class=\"ekit-heading--title elementskit-section-title\">Servicios de Vanguardia para tu Salud.<\/h2>\t\t\t\t<div class='ekit-heading__description'>\n\t\t\t\t\t<p>Integro tecnolog\u00eda m\u00e9dica avanzada para cada procedimiento, garantizando la seguridad, precisi\u00f3n y la m\u00e1s alta calidad en tu atenci\u00f3n quir\u00fargica.<\/p>\n\t\t\t\t<\/div>\n\t\t\t<\/div><\/div>\t\t\t\t<\/div>\n\t\t<div class=\"elementor-element elementor-element-3912de4 e-con-full e-flex e-con e-child\" data-id=\"3912de4\" data-element_type=\"container\" data-e-type=\"container\">\n\t\t\t\t<div class=\"elementor-element elementor-element-839e9b5 elementor-widget__width-inherit elementor-widget elementor-widget-elementskit-dual-button\" data-id=\"839e9b5\" data-element_type=\"widget\" data-e-type=\"widget\" data-widget_type=\"elementskit-dual-button.default\">\n\t\t\t\t\t<div class=\"ekit-wid-con\" >\n                <div class=\"ekit-element-align-wrapper\">\n                    <div class=\"ekit_double_button\">\n            <a class=\"ekit-double-btn ekit-double-btn-two\" href=\"http:\/\/cirujanoalejandroaceves.com\/en\/contacto\/\">\n                    Contacto                <\/a>\n                  <\/div>\n                <\/div>\n            <\/div>\t\t\t\t<\/div>\n\t\t\t\t<\/div>\n\t\t\t\t<\/div>\n\t\t\t\t\t<\/div>\n\t\t\t\t<\/div>\n\t\t<div class=\"elementor-element elementor-element-2206b06 e-flex e-con-boxed e-con e-parent\" data-id=\"2206b06\" data-element_type=\"container\" data-e-type=\"container\" data-settings=\"{&quot;background_background&quot;:&quot;classic&quot;}\">\n\t\t\t\t\t<div class=\"e-con-inner\">\n\t\t\t\t<div class=\"elementor-element elementor-element-873bfd3 elementor-widget elementor-widget-html\" data-id=\"873bfd3\" data-element_type=\"widget\" data-e-type=\"widget\" data-widget_type=\"html.default\">\n\t\t\t\t\t<script>\r\ndocument.addEventListener('DOMContentLoaded', function() {\r\n    \/\/ Buscamos todas las cajas que tengan nuestra clase\r\n    const cajas = document.querySelectorAll('.caja-cliqueable');\r\n\r\n    cajas.forEach(function(caja) {\r\n        \/\/ Cambiamos el cursor para que el usuario sepa que es un link\r\n        caja.style.cursor = 'pointer';\r\n\r\n        caja.addEventListener('click', function() {\r\n            \/\/ Buscamos el enlace (a) que est\u00e1 dentro del bot\u00f3n \"Leer m\u00e1s\"\r\n            const link = caja.querySelector('a');\r\n            if (link) {\r\n                link.click();\r\n            }\r\n        });\r\n\r\n        \/\/ Evitamos que si hacen clic directamente en el link, se dispare dos veces\r\n        const linkDirecto = caja.querySelector('a');\r\n        if (linkDirecto) {\r\n            linkDirecto.addEventListener('click', function(e) {\r\n                e.stopPropagation();\r\n            });\r\n        }\r\n    });\r\n});\r\n<\/script>\t\t\t\t<\/div>\n\t\t\t\t<div class=\"elementor-element elementor-element-66f02a0 elementor-widget elementor-widget-elementskit-heading\" data-id=\"66f02a0\" data-element_type=\"widget\" data-e-type=\"widget\" data-widget_type=\"elementskit-heading.default\">\n\t\t\t\t\t<div class=\"ekit-wid-con\" ><div class=\"ekit-heading elementskit-section-title-wraper text_center   ekit_heading_tablet-   ekit_heading_mobile-\"><h2 class=\"ekit-heading--title elementskit-section-title\">Services<\/h2>\t\t\t\t<div class='ekit-heading__description'>\n\t\t\t\t\t<p>Advanced surgical services that maximize your recovery and improvement, prioritizing your safety and comfort.<\/p>\n\t\t\t\t<\/div>\n\t\t\t<\/div><\/div>\t\t\t\t<\/div>\n\t\t<div class=\"elementor-element elementor-element-5ee950f e-con-full e-grid e-con e-child\" data-id=\"5ee950f\" data-element_type=\"container\" data-e-type=\"container\">\n\t\t\t\t<div class=\"elementor-element elementor-element-9fd6bc3 caja-cliqueable ekit-equal-height-disable elementor-invisible elementor-widget elementor-widget-elementskit-icon-box\" data-id=\"9fd6bc3\" data-element_type=\"widget\" data-e-type=\"widget\" data-settings=\"{&quot;_animation&quot;:&quot;fadeInUp&quot;}\" data-widget_type=\"elementskit-icon-box.default\">\n\t\t\t\t\t<div class=\"ekit-wid-con\" >        <!-- link opening -->\n                <!-- end link opening -->\n\n        <div class=\"elementskit-infobox text-center text-center icon-top-align elementor-animation-\">\n                            <div class=\"elementskit-box-header\">\n                <div class=\"elementskit-info-box-icon\">\n                    <img fetchpriority=\"high\" decoding=\"async\" width=\"512\" height=\"511\" src=\"https:\/\/cirujanoalejandroaceves.com\/wp-content\/uploads\/2025\/12\/line_16as510232.png\" class=\"attachment- size-\" alt=\"\" srcset=\"https:\/\/cirujanoalejandroaceves.com\/wp-content\/uploads\/2025\/12\/line_16as510232.png 512w, https:\/\/cirujanoalejandroaceves.com\/wp-content\/uploads\/2025\/12\/line_16as510232-300x300.png 300w, https:\/\/cirujanoalejandroaceves.com\/wp-content\/uploads\/2025\/12\/line_16as510232-150x150.png 150w\" sizes=\"(max-width: 512px) 100vw, 512px\" \/>                <\/div>\n          <\/div>\n                <div class=\"box-body\">\n                            <h3 class=\"elementskit-info-box-title\">\n                    - Gall Bladder - Laparoscopic Cholecystectomy                <\/h3>\n                        \t\t  \t<p>Safe, minimally invasive gallbladder removal, relieving gallstone pain and future risk.<\/p>\n                                        <div class=\"box-footer enable_hover_btn\">\n                    <div class=\"btn-wraper\">\n                                                            <a class=\"elementskit-btn whitespace--normal elementor-animation-shrink\" href=\"https:\/\/cirujanoalejandroaceves.com\/en\/uncategorized\/que-es-la-colecistectomia-laparoscopica\/\">\n                                        Read more                                        <svg aria-hidden=\"true\" class=\"e-font-icon-svg e-fas-long-arrow-alt-right\" viewbox=\"0 0 448 512\" xmlns=\"http:\/\/www.w3.org\/2000\/svg\"><path d=\"M313.941 216H12c-6.627 0-12 5.373-12 12v56c0 6.627 5.373 12 12 12h301.941v46.059c0 21.382 25.851 32.09 40.971 16.971l86.059-86.059c9.373-9.373 9.373-24.569 0-33.941l-86.059-86.059c-15.119-15.119-40.971-4.411-40.971 16.971V216z\"><\/path><\/svg>                                    <\/a>\n                                                        <\/div>\n                <\/div>\n                    <\/div>\n        \n        \n                <\/div>\n        <\/div>\t\t\t\t<\/div>\n\t\t\t\t<div class=\"elementor-element elementor-element-3f55b40 caja-cliqueable ekit-equal-height-disable elementor-invisible elementor-widget elementor-widget-elementskit-icon-box\" data-id=\"3f55b40\" data-element_type=\"widget\" data-e-type=\"widget\" data-settings=\"{&quot;_animation&quot;:&quot;fadeInUp&quot;}\" data-widget_type=\"elementskit-icon-box.default\">\n\t\t\t\t\t<div class=\"ekit-wid-con\" >        <!-- link opening -->\n                <!-- end link opening -->\n\n        <div class=\"elementskit-infobox text-center text-center icon-top-align elementor-animation-\">\n                            <div class=\"elementskit-box-header\">\n                <div class=\"elementskit-info-box-icon\">\n                    <img decoding=\"async\" width=\"512\" height=\"511\" src=\"https:\/\/cirujanoalejandroaceves.com\/wp-content\/uploads\/2025\/12\/lintrye_16as510232.png\" class=\"attachment- size-\" alt=\"\" srcset=\"https:\/\/cirujanoalejandroaceves.com\/wp-content\/uploads\/2025\/12\/lintrye_16as510232.png 512w, https:\/\/cirujanoalejandroaceves.com\/wp-content\/uploads\/2025\/12\/lintrye_16as510232-300x300.png 300w, https:\/\/cirujanoalejandroaceves.com\/wp-content\/uploads\/2025\/12\/lintrye_16as510232-150x150.png 150w\" sizes=\"(max-width: 512px) 100vw, 512px\" \/>                <\/div>\n          <\/div>\n                <div class=\"box-body\">\n                            <h3 class=\"elementskit-info-box-title\">\n                    Inguinal and Umbilical Hernia Surgery                <\/h3>\n                        \t\t  \t<p>Specialized and definitive repair of inguinal and umbilical hernias, restoring the abdominal wall with safe and modern techniques.<\/p>\n                                        <div class=\"box-footer disable_hover_button\">\n                    <div class=\"btn-wraper\">\n                                                            <a class=\"elementskit-btn whitespace--normal elementor-animation-shrink\" href=\"https:\/\/cirujanoalejandroaceves.com\/en\/uncategorized\/todo-lo-que-necesitas-saber-sobre-la-cirugia-inguinal-y-umbilical\/\">\n                                        Read more                                        <svg aria-hidden=\"true\" class=\"e-font-icon-svg e-fas-long-arrow-alt-right\" viewbox=\"0 0 448 512\" xmlns=\"http:\/\/www.w3.org\/2000\/svg\"><path d=\"M313.941 216H12c-6.627 0-12 5.373-12 12v56c0 6.627 5.373 12 12 12h301.941v46.059c0 21.382 25.851 32.09 40.971 16.971l86.059-86.059c9.373-9.373 9.373-24.569 0-33.941l-86.059-86.059c-15.119-15.119-40.971-4.411-40.971 16.971V216z\"><\/path><\/svg>                                    <\/a>\n                                                        <\/div>\n                <\/div>\n                    <\/div>\n        \n        \n                <\/div>\n        <\/div>\t\t\t\t<\/div>\n\t\t\t\t<div class=\"elementor-element elementor-element-0974472 caja-cliqueable ekit-equal-height-disable elementor-invisible elementor-widget elementor-widget-elementskit-icon-box\" data-id=\"0974472\" data-element_type=\"widget\" data-e-type=\"widget\" data-settings=\"{&quot;_animation&quot;:&quot;fadeInUp&quot;}\" data-widget_type=\"elementskit-icon-box.default\">\n\t\t\t\t\t<div class=\"ekit-wid-con\" >        <!-- link opening -->\n                <!-- end link opening -->\n\n        <div class=\"elementskit-infobox text-center text-center icon-top-align elementor-animation-\">\n                            <div class=\"elementskit-box-header\">\n                <div class=\"elementskit-info-box-icon\">\n                    <img decoding=\"async\" width=\"512\" height=\"511\" src=\"https:\/\/cirujanoalejandroaceves.com\/wp-content\/uploads\/2025\/12\/line_16fgdas510232.png\" class=\"attachment- size-\" alt=\"\" srcset=\"https:\/\/cirujanoalejandroaceves.com\/wp-content\/uploads\/2025\/12\/line_16fgdas510232.png 512w, https:\/\/cirujanoalejandroaceves.com\/wp-content\/uploads\/2025\/12\/line_16fgdas510232-300x300.png 300w, https:\/\/cirujanoalejandroaceves.com\/wp-content\/uploads\/2025\/12\/line_16fgdas510232-150x150.png 150w\" sizes=\"(max-width: 512px) 100vw, 512px\" \/>                <\/div>\n          <\/div>\n                <div class=\"box-body\">\n                            <h3 class=\"elementskit-info-box-title\">\n                    Abdominal wall hernia                <\/h3>\n                        \t\t  \t<p>We offer immediate surgical care for acute conditions resolving the emergency and saving lives with advanced techniques.<\/p>\n                                        <div class=\"box-footer disable_hover_button\">\n                    <div class=\"btn-wraper\">\n                                                            <a class=\"elementskit-btn whitespace--normal elementor-animation-shrink\" href=\"https:\/\/cirujanoalejandroaceves.com\/en\/uncategorized\/hernia-de-pared-abdominal-que-es-y-por-que-requiere-atencion-inmediata\/\">\n                                        Read more                                        <svg aria-hidden=\"true\" class=\"e-font-icon-svg e-fas-long-arrow-alt-right\" viewbox=\"0 0 448 512\" xmlns=\"http:\/\/www.w3.org\/2000\/svg\"><path d=\"M313.941 216H12c-6.627 0-12 5.373-12 12v56c0 6.627 5.373 12 12 12h301.941v46.059c0 21.382 25.851 32.09 40.971 16.971l86.059-86.059c9.373-9.373 9.373-24.569 0-33.941l-86.059-86.059c-15.119-15.119-40.971-4.411-40.971 16.971V216z\"><\/path><\/svg>                                    <\/a>\n                                                        <\/div>\n                <\/div>\n                    <\/div>\n        \n        \n                <\/div>\n        <\/div>\t\t\t\t<\/div>\n\t\t\t\t<div class=\"elementor-element elementor-element-2501072 caja-cliqueable ekit-equal-height-disable elementor-invisible elementor-widget elementor-widget-elementskit-icon-box\" data-id=\"2501072\" data-element_type=\"widget\" data-e-type=\"widget\" data-settings=\"{&quot;_animation&quot;:&quot;fadeInUp&quot;}\" data-widget_type=\"elementskit-icon-box.default\">\n\t\t\t\t\t<div class=\"ekit-wid-con\" >        <!-- link opening -->\n                <!-- end link opening -->\n\n        <div class=\"elementskit-infobox text-center text-center icon-top-align elementor-animation-\">\n                            <div class=\"elementskit-box-header\">\n                <div class=\"elementskit-info-box-icon\">\n                    <img loading=\"lazy\" decoding=\"async\" width=\"512\" height=\"511\" src=\"https:\/\/cirujanoalejandroaceves.com\/wp-content\/uploads\/2025\/12\/linesds_16as510232.png\" class=\"attachment- size-\" alt=\"\" srcset=\"https:\/\/cirujanoalejandroaceves.com\/wp-content\/uploads\/2025\/12\/linesds_16as510232.png 512w, https:\/\/cirujanoalejandroaceves.com\/wp-content\/uploads\/2025\/12\/linesds_16as510232-300x300.png 300w, https:\/\/cirujanoalejandroaceves.com\/wp-content\/uploads\/2025\/12\/linesds_16as510232-150x150.png 150w\" sizes=\"(max-width: 512px) 100vw, 512px\" \/>                <\/div>\n          <\/div>\n                <div class=\"box-body\">\n                            <h3 class=\"elementskit-info-box-title\">\n                    Acute Appendicitis                <\/h3>\n                        \t\t  \t<p>Emergency surgical removal of the inflamed appendix. It is performed laparoscopically, resolving the infection quickly and safely.<\/p>\n                                        <div class=\"box-footer disable_hover_button\">\n                    <div class=\"btn-wraper\">\n                                                            <a class=\"elementskit-btn whitespace--normal elementor-animation-shrink\" href=\"#\">\n                                        Read more                                        <svg aria-hidden=\"true\" class=\"e-font-icon-svg e-fas-long-arrow-alt-right\" viewbox=\"0 0 448 512\" xmlns=\"http:\/\/www.w3.org\/2000\/svg\"><path d=\"M313.941 216H12c-6.627 0-12 5.373-12 12v56c0 6.627 5.373 12 12 12h301.941v46.059c0 21.382 25.851 32.09 40.971 16.971l86.059-86.059c9.373-9.373 9.373-24.569 0-33.941l-86.059-86.059c-15.119-15.119-40.971-4.411-40.971 16.971V216z\"><\/path><\/svg>                                    <\/a>\n                                                        <\/div>\n                <\/div>\n                    <\/div>\n        \n        \n                <\/div>\n        <\/div>\t\t\t\t<\/div>\n\t\t\t\t<div class=\"elementor-element elementor-element-33eb985 caja-cliqueable ekit-equal-height-disable elementor-invisible elementor-widget elementor-widget-elementskit-icon-box\" data-id=\"33eb985\" data-element_type=\"widget\" data-e-type=\"widget\" data-settings=\"{&quot;_animation&quot;:&quot;fadeInUp&quot;}\" data-widget_type=\"elementskit-icon-box.default\">\n\t\t\t\t\t<div class=\"ekit-wid-con\" >        <!-- link opening -->\n                <!-- end link opening -->\n\n        <div class=\"elementskit-infobox text-center text-center icon-top-align elementor-animation-\">\n                            <div class=\"elementskit-box-header\">\n                <div class=\"elementskit-info-box-icon\">\n                    <img loading=\"lazy\" decoding=\"async\" width=\"512\" height=\"511\" src=\"https:\/\/cirujanoalejandroaceves.com\/wp-content\/uploads\/2025\/12\/as232.png\" class=\"attachment- size-\" alt=\"\" srcset=\"https:\/\/cirujanoalejandroaceves.com\/wp-content\/uploads\/2025\/12\/as232.png 512w, https:\/\/cirujanoalejandroaceves.com\/wp-content\/uploads\/2025\/12\/as232-300x300.png 300w, https:\/\/cirujanoalejandroaceves.com\/wp-content\/uploads\/2025\/12\/as232-150x150.png 150w\" sizes=\"(max-width: 512px) 100vw, 512px\" \/>                <\/div>\n          <\/div>\n                <div class=\"box-body\">\n                            <h3 class=\"elementskit-info-box-title\">\n                    Gastroesophageal Reflux Surgery                <\/h3>\n                        \t\t  \t<p>We solve heartburn and chronic reflux through surgery. We correct the lower esophageal sphincter, improving your quality of life.<\/p>\n                                        <div class=\"box-footer disable_hover_button\">\n                    <div class=\"btn-wraper\">\n                                                            <a class=\"elementskit-btn whitespace--normal elementor-animation-shrink\" href=\"#\">\n                                        Read more                                        <svg aria-hidden=\"true\" class=\"e-font-icon-svg e-fas-long-arrow-alt-right\" viewbox=\"0 0 448 512\" xmlns=\"http:\/\/www.w3.org\/2000\/svg\"><path d=\"M313.941 216H12c-6.627 0-12 5.373-12 12v56c0 6.627 5.373 12 12 12h301.941v46.059c0 21.382 25.851 32.09 40.971 16.971l86.059-86.059c9.373-9.373 9.373-24.569 0-33.941l-86.059-86.059c-15.119-15.119-40.971-4.411-40.971 16.971V216z\"><\/path><\/svg>                                    <\/a>\n                                                        <\/div>\n                <\/div>\n                    <\/div>\n        \n        \n                <\/div>\n        <\/div>\t\t\t\t<\/div>\n\t\t\t\t<div class=\"elementor-element elementor-element-4f64227 caja-cliqueable ekit-equal-height-disable elementor-invisible elementor-widget elementor-widget-elementskit-icon-box\" data-id=\"4f64227\" data-element_type=\"widget\" data-e-type=\"widget\" data-settings=\"{&quot;_animation&quot;:&quot;fadeInUp&quot;}\" data-widget_type=\"elementskit-icon-box.default\">\n\t\t\t\t\t<div class=\"ekit-wid-con\" >        <!-- link opening -->\n                <!-- end link opening -->\n\n        <div class=\"elementskit-infobox text-center text-center icon-top-align elementor-animation-\">\n                            <div class=\"elementskit-box-header\">\n                <div class=\"elementskit-info-box-icon\">\n                    <img loading=\"lazy\" decoding=\"async\" width=\"512\" height=\"511\" src=\"https:\/\/cirujanoalejandroaceves.com\/wp-content\/uploads\/2025\/12\/line_16afs510232.png\" class=\"attachment- size-\" alt=\"\" srcset=\"https:\/\/cirujanoalejandroaceves.com\/wp-content\/uploads\/2025\/12\/line_16afs510232.png 512w, https:\/\/cirujanoalejandroaceves.com\/wp-content\/uploads\/2025\/12\/line_16afs510232-300x300.png 300w, https:\/\/cirujanoalejandroaceves.com\/wp-content\/uploads\/2025\/12\/line_16afs510232-150x150.png 150w\" sizes=\"(max-width: 512px) 100vw, 512px\" \/>                <\/div>\n          <\/div>\n                <div class=\"box-body\">\n                            <h3 class=\"elementskit-info-box-title\">\n                    Gastric Sleeve                <\/h3>\n                        \t\t  \t<p>This service offers modification of the stomach to limit intake, achieving weight loss and improving your metabolic health.<\/p>\n                                        <div class=\"box-footer disable_hover_button\">\n                    <div class=\"btn-wraper\">\n                                                            <a class=\"elementskit-btn whitespace--normal elementor-animation-shrink\" href=\"#\">\n                                        Read more                                        <svg aria-hidden=\"true\" class=\"e-font-icon-svg e-fas-long-arrow-alt-right\" viewbox=\"0 0 448 512\" xmlns=\"http:\/\/www.w3.org\/2000\/svg\"><path d=\"M313.941 216H12c-6.627 0-12 5.373-12 12v56c0 6.627 5.373 12 12 12h301.941v46.059c0 21.382 25.851 32.09 40.971 16.971l86.059-86.059c9.373-9.373 9.373-24.569 0-33.941l-86.059-86.059c-15.119-15.119-40.971-4.411-40.971 16.971V216z\"><\/path><\/svg>                                    <\/a>\n                                                        <\/div>\n                <\/div>\n                    <\/div>\n        \n        \n                <\/div>\n        <\/div>\t\t\t\t<\/div>\n\t\t\t\t<\/div>\n\t\t\t\t\t<\/div>\n\t\t\t\t<\/div>\n\t\t\t\t<\/div>","protected":false},"excerpt":{"rendered":"<p>Tu futuro en manos expertas. Servicios de Vanguardia para tu Salud. Integro tecnolog\u00eda m\u00e9dica avanzada para cada procedimiento, garantizando la seguridad, precisi\u00f3n y la m\u00e1s alta calidad en tu atenci\u00f3n quir\u00fargica. Contacto Servicios Servicios quir\u00fargicos avanzados que maximizan tu recuperaci\u00f3n y mejora, priorizando tu seguridad y comodidad. &#8211; Ves\u00edcula Biliar &#8211; Colecistectom\u00eda Laparosc\u00f3pica Extirpaci\u00f3n segura [&hellip;]<\/p>\n","protected":false},"author":1,"featured_media":0,"parent":0,"menu_order":0,"comment_status":"closed","ping_status":"closed","template":"elementor_header_footer","meta":{"_joinchat":[],"footnotes":""},"class_list":["post-725","page","type-page","status-publish","hentry"],"_links":{"self":[{"href":"https:\/\/cirujanoalejandroaceves.com\/en\/wp-json\/wp\/v2\/pages\/725","targetHints":{"allow":["GET"]}}],"collection":[{"href":"https:\/\/cirujanoalejandroaceves.com\/en\/wp-json\/wp\/v2\/pages"}],"about":[{"href":"https:\/\/cirujanoalejandroaceves.com\/en\/wp-json\/wp\/v2\/types\/page"}],"author":[{"embeddable":true,"href":"https:\/\/cirujanoalejandroaceves.com\/en\/wp-json\/wp\/v2\/users\/1"}],"replies":[{"embeddable":true,"href":"https:\/\/cirujanoalejandroaceves.com\/en\/wp-json\/wp\/v2\/comments?post=725"}],"version-history":[{"count":37,"href":"https:\/\/cirujanoalejandroaceves.com\/en\/wp-json\/wp\/v2\/pages\/725\/revisions"}],"predecessor-version":[{"id":1275,"href":"https:\/\/cirujanoalejandroaceves.com\/en\/wp-json\/wp\/v2\/pages\/725\/revisions\/1275"}],"wp:attachment":[{"href":"https:\/\/cirujanoalejandroaceves.com\/en\/wp-json\/wp\/v2\/media?parent=725"}],"curies":[{"name":"wp","href":"https:\/\/api.w.org\/{rel}","templated":true}]}}