{"id":453,"date":"2025-12-09T02:54:59","date_gmt":"2025-12-09T02:54:59","guid":{"rendered":"http:\/\/cirujanoalejandroaceves.com\/?page_id=453"},"modified":"2025-12-12T23:09:06","modified_gmt":"2025-12-12T23:09:06","slug":"blog","status":"publish","type":"page","link":"https:\/\/cirujanoalejandroaceves.com\/en\/blog\/","title":{"rendered":"blog"},"content":{"rendered":"<div data-elementor-type=\"wp-page\" data-elementor-id=\"453\" class=\"elementor elementor-453\" data-elementor-post-type=\"page\">\n\t\t\t\t<div class=\"elementor-element elementor-element-165b659 e-flex e-con-boxed e-con e-parent\" data-id=\"165b659\" data-element_type=\"container\" data-e-type=\"container\" data-settings=\"{&quot;background_background&quot;:&quot;classic&quot;}\">\n\t\t\t\t\t<div class=\"e-con-inner\">\n\t\t\t\t<div class=\"elementor-element elementor-element-1a48e49e elementor-widget__width-initial elementor-widget-tablet__width-initial elementor-widget elementor-widget-elementskit-heading\" data-id=\"1a48e49e\" data-element_type=\"widget\" data-e-type=\"widget\" data-widget_type=\"elementskit-heading.default\">\n\t\t\t\t\t<div class=\"ekit-wid-con\" ><div class=\"ekit-heading elementskit-section-title-wraper text_left   ekit_heading_tablet-   ekit_heading_mobile-\"><h3 class=\"elementskit-section-subtitle\">\n\t\t\t\t\t\t#CirujanoAlejandroAceves\n\t\t\t\t\t<\/h3><h2 class=\"ekit-heading--title elementskit-section-title\">Blog m\u00e9dico<\/h2>\t\t\t\t<div class='ekit-heading__description'>\n\t\t\t\t\t<p>Mant\u00e9ngase informado sobre los \u00faltimos avances y tendencias m\u00e9dicas relevantes para su bienestar.<\/p>\n\t\t\t\t<\/div>\n\t\t\t<\/div><\/div>\t\t\t\t<\/div>\n\t\t\t\t\t<\/div>\n\t\t\t\t<\/div>\n\t\t<div class=\"elementor-element elementor-element-40f8161 e-flex e-con-boxed e-con e-parent\" data-id=\"40f8161\" data-element_type=\"container\" data-e-type=\"container\">\n\t\t\t\t\t<div class=\"e-con-inner\">\n\t\t\t\t<div class=\"elementor-element elementor-element-21e5e72 elementor-widget elementor-widget-elementskit-blog-posts\" data-id=\"21e5e72\" data-element_type=\"widget\" data-e-type=\"widget\" data-widget_type=\"elementskit-blog-posts.default\">\n\t\t\t\t\t<div class=\"ekit-wid-con\" >        <div id=\"post-items--21e5e72\" class=\"row post-items\">\n                    <div class=\"col-lg-4 col-md-6\">\n\n                                    <div class=\"elementskit-post-image-card\">\n                        <div class=\"elementskit-entry-header\">\n                                                            <a href=\"https:\/\/cirujanoalejandroaceves.com\/en\/uncategorized\/hernia-de-pared-abdominal-que-es-y-por-que-requiere-atencion-inmediata\/\" class=\"elementskit-entry-thumb\">\n                                    <img decoding=\"async\" src=\"https:\/\/cirujanoalejandroaceves.com\/wp-content\/uploads\/2025\/12\/Pared-abdominal-1-e1649797616568.png\" alt=\"Hernia de Pared Abdominal: \u00bfQu\u00e9 Es y Por Qu\u00e9 Requiere Atenci\u00f3n Inmediata?\">\n                                <\/a><!-- .elementskit-entry-thumb END -->\n                                                            \n                            \n\t\t\t\t\t\t\t\t\t\t\t\t\t<\/div><!-- .elementskit-entry-header END -->\n\n\t\t\t\t\t\t<div class=\"elementskit-post-body\">\n\t\t\t\t\t\t\t\n\t\t\t\t\t\t\t\t\t\t\t\t\t\t\t\t\t\t\t\t\t\t\t\t\t\t\t\t\t\t\n\t\t\t\t\t\t\t\t\n\t\t\t\t\t\t\t\t\t\t\t\t\t\t\t\t\t\t\t\t\t<h2 class=\"entry-title\">\n\t\t\t\t\t<a href=\"https:\/\/cirujanoalejandroaceves.com\/en\/uncategorized\/hernia-de-pared-abdominal-que-es-y-por-que-requiere-atencion-inmediata\/\">\n\t\t\t\t\t\tHernia de Pared Abdominal: \u00bfQu\u00e9 Es y Por Qu\u00e9 Requiere Atenci\u00f3n Inmediata?\t\t\t\t\t<\/a>\n\t\t\t\t<\/h2>\n\t\t\t\t\t\t\t\t\t\t\t\t\t\t\t\t\t\t\t\t\t\t\t\t\t\t\t\t\t\t\t\t                                                            <div class=\"btn-wraper\">\n                                                                            <a class=\"elementskit-btn whitespace--normal\" id=\"\" href=\"https:\/\/cirujanoalejandroaceves.com\/en\/uncategorized\/hernia-de-pared-abdominal-que-es-y-por-que-requiere-atencion-inmediata\/\">\n                                            Read more\u00a0                                            <svg aria-hidden=\"true\" class=\"e-font-icon-svg e-far-arrow-alt-circle-right\" viewbox=\"0 0 512 512\" xmlns=\"http:\/\/www.w3.org\/2000\/svg\"><path d=\"M504 256C504 119 393 8 256 8S8 119 8 256s111 248 248 248 248-111 248-248zm-448 0c0-110.5 89.5-200 200-200s200 89.5 200 200-89.5 200-200 200S56 366.5 56 256zm72 20v-40c0-6.6 5.4-12 12-12h116v-67c0-10.7 12.9-16 20.5-8.5l99 99c4.7 4.7 4.7 12.3 0 17l-99 99c-7.6 7.6-20.5 2.2-20.5-8.5v-67H140c-6.6 0-12-5.4-12-12z\"><\/path><\/svg>                                        <\/a>\n                                    \n                                                                    <\/div>\n                                                    <\/div><!-- .elementskit-post-body END -->\n                    <\/div>\n                \n            <\/div>\n                    <div class=\"col-lg-4 col-md-6\">\n\n                                    <div class=\"elementskit-post-image-card\">\n                        <div class=\"elementskit-entry-header\">\n                                                            <a href=\"https:\/\/cirujanoalejandroaceves.com\/en\/uncategorized\/todo-lo-que-necesitas-saber-sobre-la-cirugia-inguinal-y-umbilical\/\" class=\"elementskit-entry-thumb\">\n                                    <img decoding=\"async\" src=\"https:\/\/cirujanoalejandroaceves.com\/wp-content\/uploads\/2025\/12\/Especialista-en-Cirugia-de-Hernias-1024x576.webp\" alt=\"Todo lo que Necesitas Saber sobre la Cirug\u00eda Inguinal y Umbilical\">\n                                <\/a><!-- .elementskit-entry-thumb END -->\n                                                            \n                            \n\t\t\t\t\t\t\t\t\t\t\t\t\t<\/div><!-- .elementskit-entry-header END -->\n\n\t\t\t\t\t\t<div class=\"elementskit-post-body\">\n\t\t\t\t\t\t\t\n\t\t\t\t\t\t\t\t\t\t\t\t\t\t\t\t\t\t\t\t\t\t\t\t\t\t\t\t\t\t\n\t\t\t\t\t\t\t\t\n\t\t\t\t\t\t\t\t\t\t\t\t\t\t\t\t\t\t\t\t\t<h2 class=\"entry-title\">\n\t\t\t\t\t<a href=\"https:\/\/cirujanoalejandroaceves.com\/en\/uncategorized\/todo-lo-que-necesitas-saber-sobre-la-cirugia-inguinal-y-umbilical\/\">\n\t\t\t\t\t\tTodo lo que Necesitas Saber sobre la Cirug\u00eda Inguinal y Umbilical\t\t\t\t\t<\/a>\n\t\t\t\t<\/h2>\n\t\t\t\t\t\t\t\t\t\t\t\t\t\t\t\t\t\t\t\t\t\t\t\t\t\t\t\t\t\t\t\t                                                            <div class=\"btn-wraper\">\n                                                                            <a class=\"elementskit-btn whitespace--normal\" id=\"\" href=\"https:\/\/cirujanoalejandroaceves.com\/en\/uncategorized\/todo-lo-que-necesitas-saber-sobre-la-cirugia-inguinal-y-umbilical\/\">\n                                            Read more\u00a0                                            <svg aria-hidden=\"true\" class=\"e-font-icon-svg e-far-arrow-alt-circle-right\" viewbox=\"0 0 512 512\" xmlns=\"http:\/\/www.w3.org\/2000\/svg\"><path d=\"M504 256C504 119 393 8 256 8S8 119 8 256s111 248 248 248 248-111 248-248zm-448 0c0-110.5 89.5-200 200-200s200 89.5 200 200-89.5 200-200 200S56 366.5 56 256zm72 20v-40c0-6.6 5.4-12 12-12h116v-67c0-10.7 12.9-16 20.5-8.5l99 99c4.7 4.7 4.7 12.3 0 17l-99 99c-7.6 7.6-20.5 2.2-20.5-8.5v-67H140c-6.6 0-12-5.4-12-12z\"><\/path><\/svg>                                        <\/a>\n                                    \n                                                                    <\/div>\n                                                    <\/div><!-- .elementskit-post-body END -->\n                    <\/div>\n                \n            <\/div>\n                    <div class=\"col-lg-4 col-md-6\">\n\n                                    <div class=\"elementskit-post-image-card\">\n                        <div class=\"elementskit-entry-header\">\n                                                            <a href=\"https:\/\/cirujanoalejandroaceves.com\/en\/uncategorized\/que-es-la-colecistectomia-laparoscopica\/\" class=\"elementskit-entry-thumb\">\n                                    <img decoding=\"async\" src=\"https:\/\/cirujanoalejandroaceves.com\/wp-content\/uploads\/2025\/12\/1-910b87c9-c121-458e-bae3-df35b6bcdc73-1024x683.webp\" alt=\"\u00bfQu\u00e9 es la Colecistectom\u00eda Laparosc\u00f3pica?\">\n                                <\/a><!-- .elementskit-entry-thumb END -->\n                                                            \n                            \n\t\t\t\t\t\t\t\t\t\t\t\t\t<\/div><!-- .elementskit-entry-header END -->\n\n\t\t\t\t\t\t<div class=\"elementskit-post-body\">\n\t\t\t\t\t\t\t\n\t\t\t\t\t\t\t\t\t\t\t\t\t\t\t\t\t\t\t\t\t\t\t\t\t\t\t\t\t\t\n\t\t\t\t\t\t\t\t\n\t\t\t\t\t\t\t\t\t\t\t\t\t\t\t\t\t\t\t\t\t<h2 class=\"entry-title\">\n\t\t\t\t\t<a href=\"https:\/\/cirujanoalejandroaceves.com\/en\/uncategorized\/que-es-la-colecistectomia-laparoscopica\/\">\n\t\t\t\t\t\t\u00bfQu\u00e9 es la Colecistectom\u00eda Laparosc\u00f3pica?\t\t\t\t\t<\/a>\n\t\t\t\t<\/h2>\n\t\t\t\t\t\t\t\t\t\t\t\t\t\t\t\t\t\t\t\t\t\t\t\t\t\t\t\t\t\t\t\t                                                            <div class=\"btn-wraper\">\n                                                                            <a class=\"elementskit-btn whitespace--normal\" id=\"\" href=\"https:\/\/cirujanoalejandroaceves.com\/en\/uncategorized\/que-es-la-colecistectomia-laparoscopica\/\">\n                                            Read more\u00a0                                            <svg aria-hidden=\"true\" class=\"e-font-icon-svg e-far-arrow-alt-circle-right\" viewbox=\"0 0 512 512\" xmlns=\"http:\/\/www.w3.org\/2000\/svg\"><path d=\"M504 256C504 119 393 8 256 8S8 119 8 256s111 248 248 248 248-111 248-248zm-448 0c0-110.5 89.5-200 200-200s200 89.5 200 200-89.5 200-200 200S56 366.5 56 256zm72 20v-40c0-6.6 5.4-12 12-12h116v-67c0-10.7 12.9-16 20.5-8.5l99 99c4.7 4.7 4.7 12.3 0 17l-99 99c-7.6 7.6-20.5 2.2-20.5-8.5v-67H140c-6.6 0-12-5.4-12-12z\"><\/path><\/svg>                                        <\/a>\n                                    \n                                                                    <\/div>\n                                                    <\/div><!-- .elementskit-post-body END -->\n                    <\/div>\n                \n            <\/div>\n                <\/div>\n       <\/div>\t\t\t\t<\/div>\n\t\t\t\t\t<\/div>\n\t\t\t\t<\/div>\n\t\t\t\t<\/div>","protected":false},"excerpt":{"rendered":"<p>#CirujanoAlejandroAceves Blog m\u00e9dico Mant\u00e9ngase informado sobre los \u00faltimos avances y tendencias m\u00e9dicas relevantes para su bienestar. Los beneficios m\u00e9dicos del uso de c\u00e9lulas madre Leer m\u00e1s\u00a0<\/p>","protected":false},"author":1,"featured_media":0,"parent":0,"menu_order":0,"comment_status":"closed","ping_status":"closed","template":"elementor_header_footer","meta":{"_joinchat":[],"footnotes":""},"class_list":["post-453","page","type-page","status-publish","hentry"],"_links":{"self":[{"href":"https:\/\/cirujanoalejandroaceves.com\/en\/wp-json\/wp\/v2\/pages\/453","targetHints":{"allow":["GET"]}}],"collection":[{"href":"https:\/\/cirujanoalejandroaceves.com\/en\/wp-json\/wp\/v2\/pages"}],"about":[{"href":"https:\/\/cirujanoalejandroaceves.com\/en\/wp-json\/wp\/v2\/types\/page"}],"author":[{"embeddable":true,"href":"https:\/\/cirujanoalejandroaceves.com\/en\/wp-json\/wp\/v2\/users\/1"}],"replies":[{"embeddable":true,"href":"https:\/\/cirujanoalejandroaceves.com\/en\/wp-json\/wp\/v2\/comments?post=453"}],"version-history":[{"count":40,"href":"https:\/\/cirujanoalejandroaceves.com\/en\/wp-json\/wp\/v2\/pages\/453\/revisions"}],"predecessor-version":[{"id":891,"href":"https:\/\/cirujanoalejandroaceves.com\/en\/wp-json\/wp\/v2\/pages\/453\/revisions\/891"}],"wp:attachment":[{"href":"https:\/\/cirujanoalejandroaceves.com\/en\/wp-json\/wp\/v2\/media?parent=453"}],"curies":[{"name":"wp","href":"https:\/\/api.w.org\/{rel}","templated":true}]}}