{"id":163,"date":"2025-12-03T01:06:12","date_gmt":"2025-12-03T01:06:12","guid":{"rendered":"http:\/\/cirujanoalejandroaceves.com\/?page_id=163"},"modified":"2025-12-19T00:54:06","modified_gmt":"2025-12-19T00:54:06","slug":"acerca-de-mi","status":"publish","type":"page","link":"https:\/\/cirujanoalejandroaceves.com\/en\/acerca-de-mi\/","title":{"rendered":"about me"},"content":{"rendered":"<div data-elementor-type=\"wp-page\" data-elementor-id=\"163\" class=\"elementor elementor-163\" data-elementor-post-type=\"page\">\n\t\t\t\t<div class=\"elementor-element elementor-element-12aea6b6 e-flex e-con-boxed e-con e-parent\" data-id=\"12aea6b6\" data-element_type=\"container\" data-e-type=\"container\" data-settings=\"{&quot;background_background&quot;:&quot;classic&quot;}\">\n\t\t\t\t\t<div class=\"e-con-inner\">\n\t\t<div class=\"elementor-element elementor-element-22fb797 e-con-full e-flex e-con e-child\" data-id=\"22fb797\" data-element_type=\"container\" data-e-type=\"container\">\n\t\t\t\t<div class=\"elementor-element elementor-element-7ff316f6 elementor-widget__width-initial elementor-widget-tablet__width-initial elementor-widget elementor-widget-elementskit-heading\" data-id=\"7ff316f6\" data-element_type=\"widget\" data-e-type=\"widget\" data-widget_type=\"elementskit-heading.default\">\n\t\t\t\t\t<div class=\"ekit-wid-con\" ><div class=\"ekit-heading elementskit-section-title-wraper text_left   ekit_heading_tablet-   ekit_heading_mobile-\"><span class=\"elementskit-section-subtitle  elementskit-style-border\">\n\t\t\t\t\t\tTu salud est\u00e1 en el centro de cada decisi\u00f3n.\n\t\t\t\t\t<\/span><h2 class=\"ekit-heading--title elementskit-section-title\">Mi compromiso es con tu bienestar integral<\/h2>\t\t\t\t<div class='ekit-heading__description'>\n\t\t\t\t\t<p>Mi enfoque es la seguridad y la pronta recuperaci\u00f3n. Me especializo en <b>laparoscopia y m\u00ednima invasi\u00f3n<\/b>, garantizando resultados precisos y menos dolor. <b>Empleo<\/b> la tecnolog\u00eda avanzada al servicio de tu bienestar.<\/p>\n\t\t\t\t<\/div>\n\t\t\t<\/div><\/div>\t\t\t\t<\/div>\n\t\t<div class=\"elementor-element elementor-element-7da30aad e-con-full e-flex e-con e-child\" data-id=\"7da30aad\" data-element_type=\"container\" data-e-type=\"container\">\n\t\t\t\t<div class=\"elementor-element elementor-element-63b5967c elementor-widget__width-inherit elementor-widget elementor-widget-elementskit-dual-button\" data-id=\"63b5967c\" data-element_type=\"widget\" data-e-type=\"widget\" data-widget_type=\"elementskit-dual-button.default\">\n\t\t\t\t\t<div class=\"ekit-wid-con\" >\n                <div class=\"ekit-element-align-wrapper\">\n                    <div class=\"ekit_double_button\">\n            <a class=\"ekit-double-btn ekit-double-btn-two\" href=\"http:\/\/cirujanoalejandroaceves.com\/en\/contacto\/\">\n                    Contacto                <\/a>\n                  <\/div>\n                <\/div>\n            <\/div>\t\t\t\t<\/div>\n\t\t\t\t<\/div>\n\t\t\t\t<\/div>\n\t\t\t\t\t<\/div>\n\t\t\t\t<\/div>\n\t\t<div class=\"elementor-element elementor-element-28ddbf2d e-flex e-con-boxed e-con e-parent\" data-id=\"28ddbf2d\" data-element_type=\"container\" data-e-type=\"container\" data-settings=\"{&quot;background_background&quot;:&quot;classic&quot;}\">\n\t\t\t\t\t<div class=\"e-con-inner\">\n\t\t<div class=\"elementor-element elementor-element-5fa535b2 e-con-full e-flex e-con e-child\" data-id=\"5fa535b2\" data-element_type=\"container\" data-e-type=\"container\">\n\t\t\t\t<div class=\"elementor-element elementor-element-52f853f5 elementor-widget elementor-widget-elementskit-heading\" data-id=\"52f853f5\" data-element_type=\"widget\" data-e-type=\"widget\" data-widget_type=\"elementskit-heading.default\">\n\t\t\t\t\t<div class=\"ekit-wid-con\" ><div class=\"ekit-heading elementskit-section-title-wraper text_left   ekit_heading_tablet-   ekit_heading_mobile-\"><span class=\"elementskit-section-subtitle  elementskit-style-border\">\n\t\t\t\t\t\tConoce mas acerca de mi\n\t\t\t\t\t<\/span><h2 class=\"ekit-heading--title elementskit-section-title\">Acerca de mi<\/h2><\/div><\/div>\t\t\t\t<\/div>\n\t\t\t\t<div class=\"elementor-element elementor-element-37d035d2 elementor-widget elementor-widget-text-editor\" data-id=\"37d035d2\" data-element_type=\"widget\" data-e-type=\"widget\" data-widget_type=\"text-editor.default\">\n\t\t\t\t\t\t\t\t\t<p>Soy <strong>m\u00e9dico cirujano especializado en cirug\u00eda laparosc\u00f3pica<\/strong>, egresado de la <strong>Universidad Aut\u00f3noma de Baja California<\/strong>. A lo largo de mi formaci\u00f3n y pr\u00e1ctica cl\u00ednica he adquirido una s\u00f3lida experiencia en t\u00e9cnicas m\u00ednimamente invasivas, orientadas a ofrecer tratamientos quir\u00fargicos seguros, efectivos y con una r\u00e1pida recuperaci\u00f3n para los pacientes.<\/p><p>He participado de manera activa en <strong>m\u00faltiples congresos nacionales e internacionales<\/strong>, lo que me ha permitido mantenerme actualizado en los avances m\u00e1s recientes en cirug\u00eda laparosc\u00f3pica y bari\u00e1trica, as\u00ed como intercambiar conocimientos con l\u00edderes en la especialidad.<\/p>\t\t\t\t\t\t\t\t<\/div>\n\t\t<div class=\"elementor-element elementor-element-45539642 e-con-full e-flex e-con e-child\" data-id=\"45539642\" data-element_type=\"container\" data-e-type=\"container\">\n\t\t\t\t<div class=\"elementor-element elementor-element-8d23ad elementor-view-default elementor-widget elementor-widget-icon\" data-id=\"8d23ad\" data-element_type=\"widget\" data-e-type=\"widget\" data-widget_type=\"icon.default\">\n\t\t\t\t\t\t\t<div class=\"elementor-icon-wrapper\">\n\t\t\t<div class=\"elementor-icon\">\n\t\t\t<i aria-hidden=\"true\" class=\"icon icon-quote\"><\/i>\t\t\t<\/div>\n\t\t<\/div>\n\t\t\t\t\t\t<\/div>\n\t\t\t\t<div class=\"elementor-element elementor-element-27a8ab49 elementor-widget elementor-widget-text-editor\" data-id=\"27a8ab49\" data-element_type=\"widget\" data-e-type=\"widget\" data-widget_type=\"text-editor.default\">\n\t\t\t\t\t\t\t\t\t<p>Mi compromiso profesional se centra en la <strong>excelencia quir\u00fargica, la innovaci\u00f3n m\u00e9dica y la atenci\u00f3n integral del paciente<\/strong>, <strong>asi como en la cirug\u00eda de minima invasi\u00f3n,<\/strong> con un enfoque en mejorar su calidad de vida mediante procedimientos modernos y de alto nivel t\u00e9cnico.<\/p><p>\u00a0<\/p>\t\t\t\t\t\t\t\t<\/div>\n\t\t\t\t<\/div>\n\t\t\t\t<\/div>\n\t\t<div class=\"elementor-element elementor-element-58ffff78 e-con-full e-flex e-con e-child\" data-id=\"58ffff78\" data-element_type=\"container\" data-e-type=\"container\" data-settings=\"{&quot;background_background&quot;:&quot;classic&quot;}\">\n\t\t\t\t<div class=\"elementor-element elementor-element-c8e64f3 elementor-widget elementor-widget-image\" data-id=\"c8e64f3\" data-element_type=\"widget\" data-e-type=\"widget\" data-widget_type=\"image.default\">\n\t\t\t\t\t\t\t\t\t\t\t\t\t\t\t<img fetchpriority=\"high\" decoding=\"async\" width=\"800\" height=\"800\" src=\"https:\/\/cirujanoalejandroaceves.com\/wp-content\/uploads\/2025\/12\/plo-2-1024x1024.png\" class=\"attachment-large size-large wp-image-416\" alt=\"\" srcset=\"https:\/\/cirujanoalejandroaceves.com\/wp-content\/uploads\/2025\/12\/plo-2-1024x1024.png 1024w, https:\/\/cirujanoalejandroaceves.com\/wp-content\/uploads\/2025\/12\/plo-2-300x300.png 300w, https:\/\/cirujanoalejandroaceves.com\/wp-content\/uploads\/2025\/12\/plo-2-150x150.png 150w, https:\/\/cirujanoalejandroaceves.com\/wp-content\/uploads\/2025\/12\/plo-2-768x768.png 768w, https:\/\/cirujanoalejandroaceves.com\/wp-content\/uploads\/2025\/12\/plo-2.png 1080w\" sizes=\"(max-width: 800px) 100vw, 800px\" \/>\t\t\t\t\t\t\t\t\t\t\t\t\t\t\t<\/div>\n\t\t\t\t<\/div>\n\t\t\t\t\t<\/div>\n\t\t\t\t<\/div>\n\t\t<div class=\"elementor-element elementor-element-27c03b42 e-flex e-con-boxed e-con e-parent\" data-id=\"27c03b42\" data-element_type=\"container\" data-e-type=\"container\" id=\"xs_accor_gradient_color\" data-settings=\"{&quot;background_background&quot;:&quot;classic&quot;}\">\n\t\t\t\t\t<div class=\"e-con-inner\">\n\t\t\t\t<div class=\"elementor-element elementor-element-3e0ca50d elementor-widget__width-initial elementor-widget elementor-widget-elementskit-heading\" data-id=\"3e0ca50d\" data-element_type=\"widget\" data-e-type=\"widget\" data-widget_type=\"elementskit-heading.default\">\n\t\t\t\t\t<div class=\"ekit-wid-con\" ><div class=\"ekit-heading elementskit-section-title-wraper text_left   ekit_heading_tablet-   ekit_heading_mobile-\"><h2 class=\"ekit-heading--title elementskit-section-title\">Frequently Asked Questions<\/h2><div class=\"ekit_heading_separetor_wraper ekit_heading_elementskit-border-divider ekit-dotted\"><div class=\"elementskit-border-divider ekit-dotted\"><\/div><\/div>\t\t\t\t<div class='ekit-heading__description'>\n\t\t\t\t\t<p>Encuentra respuestas a las dudas m\u00e1s comunes sobre cirug\u00eda laparosc\u00f3pica y enfermedades digestivas. Informaci\u00f3n clara y profesional para ayudarle a tomar la mejor decisi\u00f3n sobre su tratamiento quir\u00fargico.<\/p>\n\t\t\t\t<\/div>\n\t\t\t<\/div><\/div>\t\t\t\t<\/div>\n\t\t\t\t<div class=\"elementor-element elementor-element-35c4c6f0 elementor-widget__width-initial elementor-widget elementor-widget-elementskit-accordion\" data-id=\"35c4c6f0\" data-element_type=\"widget\" data-e-type=\"widget\" data-widget_type=\"elementskit-accordion.default\">\n\t\t\t\t\t<div class=\"ekit-wid-con\" >\n        <div class=\"elementskit-accordion accoedion-primary\" id=\"accordion-69f83c3fe383e\">\n\n            \n                <div class=\"elementskit-card active\">\n                    <div class=\"elementskit-card-header\" id=\"primaryHeading-0-35c4c6f0\">\n                        <a href=\"#collapse-bc2283069f83c3fe383e\" class=\"ekit-accordion--toggler elementskit-btn-link collapsed\" data-ekit-toggle=\"collapse\" data-target=\"#Collapse-bc2283069f83c3fe383e\" aria-expanded=\"true\" aria-controls=\"Collapse-bc2283069f83c3fe383e\">\n                            \n                                <span class=\"number\"><\/span>\n\n                            \n                            <span class=\"ekit-accordion-title\">\u00bfQu\u00e9 enfermedades trata un Cirujano General y Digestivo?<\/span>\n\n                            \n                                <div class=\"ekit_accordion_icon_group\">\n                                    <div class=\"ekit_accordion_normal_icon\">\n                                        <!-- Normal Icon -->\n\t\t\t\t\t\t\t\t\t\t<i class=\"icon icon-down-arrow1\"><\/i>                                    <\/div>\n\n                                    <div class=\"ekit_accordion_active_icon\">\n                                        <!-- Active Icon -->\n\t\t\t\t\t\t\t\t\t\t<i class=\"icon icon-up-arrow\"><\/i>                                    <\/div>\n                                <\/div>\n\n                            \n                                                    <\/a>\n                    <\/div>\n\n                    <div id=\"Collapse-bc2283069f83c3fe383e\" class=\"show collapse\" aria-labelledby=\"primaryHeading-0-35c4c6f0\" data-parent=\"#accordion-69f83c3fe383e\">\n\n                        <div class=\"elementskit-card-body ekit-accordion--content\">\n                            <p>El Dr. Aceves se especializa en patolog\u00edas del aparato digestivo, como piedras en la ves\u00edcula, hernias de hiato o inguinales, apendicitis, hemorroides y enfermedades del colon.<\/p>                        <\/div>\n\n                    <\/div>\n\n                <\/div><!-- .elementskit-card END -->\n\n                \n                <div class=\"elementskit-card\">\n                    <div class=\"elementskit-card-header\" id=\"primaryHeading-1-35c4c6f0\">\n                        <a href=\"#collapse-897291169f83c3fe383e\" class=\"ekit-accordion--toggler elementskit-btn-link collapsed\" data-ekit-toggle=\"collapse\" data-target=\"#Collapse-897291169f83c3fe383e\" aria-expanded=\"false\" aria-controls=\"Collapse-897291169f83c3fe383e\">\n                            \n                                <span class=\"number\"><\/span>\n\n                            \n                            <span class=\"ekit-accordion-title\">\u00bfEn qu\u00e9 consiste la cirug\u00eda por laparoscopia o m\u00ednima invasi\u00f3n?<\/span>\n\n                            \n                                <div class=\"ekit_accordion_icon_group\">\n                                    <div class=\"ekit_accordion_normal_icon\">\n                                        <!-- Normal Icon -->\n\t\t\t\t\t\t\t\t\t\t<i class=\"icon icon-down-arrow1\"><\/i>                                    <\/div>\n\n                                    <div class=\"ekit_accordion_active_icon\">\n                                        <!-- Active Icon -->\n\t\t\t\t\t\t\t\t\t\t<i class=\"icon icon-up-arrow\"><\/i>                                    <\/div>\n                                <\/div>\n\n                            \n                                                    <\/a>\n                    <\/div>\n\n                    <div id=\"Collapse-897291169f83c3fe383e\" class=\"collapse\" aria-labelledby=\"primaryHeading-1-35c4c6f0\" data-parent=\"#accordion-69f83c3fe383e\">\n\n                        <div class=\"elementskit-card-body ekit-accordion--content\">\n                            <p>Es una t\u00e9cnica que permite realizar cirug\u00edas a trav\u00e9s de peque\u00f1as incisiones (menos de 1 cm). Esto reduce significativamente el dolor postoperatorio, el tiempo de recuperaci\u00f3n y deja cicatrices casi imperceptibles.<\/p>                        <\/div>\n\n                    <\/div>\n\n                <\/div><!-- .elementskit-card END -->\n\n                \n                <div class=\"elementskit-card\">\n                    <div class=\"elementskit-card-header\" id=\"primaryHeading-2-35c4c6f0\">\n                        <a href=\"#collapse-5c3953769f83c3fe383e\" class=\"ekit-accordion--toggler elementskit-btn-link collapsed\" data-ekit-toggle=\"collapse\" data-target=\"#Collapse-5c3953769f83c3fe383e\" aria-expanded=\"false\" aria-controls=\"Collapse-5c3953769f83c3fe383e\">\n                            \n                                <span class=\"number\"><\/span>\n\n                            \n                            <span class=\"ekit-accordion-title\">\u00bfC\u00f3mo s\u00e9 si mi dolor abdominal requiere una consulta de cirug\u00eda?<\/span>\n\n                            \n                                <div class=\"ekit_accordion_icon_group\">\n                                    <div class=\"ekit_accordion_normal_icon\">\n                                        <!-- Normal Icon -->\n\t\t\t\t\t\t\t\t\t\t<i class=\"icon icon-down-arrow1\"><\/i>                                    <\/div>\n\n                                    <div class=\"ekit_accordion_active_icon\">\n                                        <!-- Active Icon -->\n\t\t\t\t\t\t\t\t\t\t<i class=\"icon icon-up-arrow\"><\/i>                                    <\/div>\n                                <\/div>\n\n                            \n                                                    <\/a>\n                    <\/div>\n\n                    <div id=\"Collapse-5c3953769f83c3fe383e\" class=\"collapse\" aria-labelledby=\"primaryHeading-2-35c4c6f0\" data-parent=\"#accordion-69f83c3fe383e\">\n\n                        <div class=\"elementskit-card-body ekit-accordion--content\">\n                            <p>Si presentas dolor persistente en la parte superior derecha del abdomen, inflamaci\u00f3n cr\u00f3nica, cambios dr\u00e1sticos en tus h\u00e1bitos intestinales o la presencia de \"bultos\" en la ingle o el ombligo, es fundamental una valoraci\u00f3n especializada.<\/p>                        <\/div>\n\n                    <\/div>\n\n                <\/div><!-- .elementskit-card END -->\n\n                \n                <div class=\"elementskit-card\">\n                    <div class=\"elementskit-card-header\" id=\"primaryHeading-3-35c4c6f0\">\n                        <a href=\"#collapse-3d7401d69f83c3fe383e\" class=\"ekit-accordion--toggler elementskit-btn-link collapsed\" data-ekit-toggle=\"collapse\" data-target=\"#Collapse-3d7401d69f83c3fe383e\" aria-expanded=\"false\" aria-controls=\"Collapse-3d7401d69f83c3fe383e\">\n                            \n                                <span class=\"number\"><\/span>\n\n                            \n                            <span class=\"ekit-accordion-title\">\u00bfEl Dr. Alejandro Aceves realiza cirug\u00edas de urgencia?<\/span>\n\n                            \n                                <div class=\"ekit_accordion_icon_group\">\n                                    <div class=\"ekit_accordion_normal_icon\">\n                                        <!-- Normal Icon -->\n\t\t\t\t\t\t\t\t\t\t<i class=\"icon icon-down-arrow1\"><\/i>                                    <\/div>\n\n                                    <div class=\"ekit_accordion_active_icon\">\n                                        <!-- Active Icon -->\n\t\t\t\t\t\t\t\t\t\t<i class=\"icon icon-up-arrow\"><\/i>                                    <\/div>\n                                <\/div>\n\n                            \n                                                    <\/a>\n                    <\/div>\n\n                    <div id=\"Collapse-3d7401d69f83c3fe383e\" class=\"collapse\" aria-labelledby=\"primaryHeading-3-35c4c6f0\" data-parent=\"#accordion-69f83c3fe383e\">\n\n                        <div class=\"elementskit-card-body ekit-accordion--content\">\n                            <p>S\u00ed, el doctor atiende urgencias quir\u00fargicas comunes como apendicitis aguda, colecistitis (inflamaci\u00f3n de ves\u00edcula) y hernias encarceladas.<\/p>                        <\/div>\n\n                    <\/div>\n\n                <\/div><!-- .elementskit-card END -->\n\n                \n                <div class=\"elementskit-card\">\n                    <div class=\"elementskit-card-header\" id=\"primaryHeading-4-35c4c6f0\">\n                        <a href=\"#collapse-8c1ec7d69f83c3fe383e\" class=\"ekit-accordion--toggler elementskit-btn-link collapsed\" data-ekit-toggle=\"collapse\" data-target=\"#Collapse-8c1ec7d69f83c3fe383e\" aria-expanded=\"false\" aria-controls=\"Collapse-8c1ec7d69f83c3fe383e\">\n                            \n                                <span class=\"number\"><\/span>\n\n                            \n                            <span class=\"ekit-accordion-title\">\u00bfQu\u00e9 debo llevar a mi primera consulta?<\/span>\n\n                            \n                                <div class=\"ekit_accordion_icon_group\">\n                                    <div class=\"ekit_accordion_normal_icon\">\n                                        <!-- Normal Icon -->\n\t\t\t\t\t\t\t\t\t\t<i class=\"icon icon-down-arrow1\"><\/i>                                    <\/div>\n\n                                    <div class=\"ekit_accordion_active_icon\">\n                                        <!-- Active Icon -->\n\t\t\t\t\t\t\t\t\t\t<i class=\"icon icon-up-arrow\"><\/i>                                    <\/div>\n                                <\/div>\n\n                            \n                                                    <\/a>\n                    <\/div>\n\n                    <div id=\"Collapse-8c1ec7d69f83c3fe383e\" class=\"collapse\" aria-labelledby=\"primaryHeading-4-35c4c6f0\" data-parent=\"#accordion-69f83c3fe383e\">\n\n                        <div class=\"elementskit-card-body ekit-accordion--content\">\n                            <p>Es recomendable traer cualquier estudio previo (ultrasonidos, tomograf\u00edas o an\u00e1lisis de sangre) y una lista de los medicamentos que est\u00e9s tomando actualmente.<\/p>                        <\/div>\n\n                    <\/div>\n\n                <\/div><!-- .elementskit-card END -->\n\n                                        <\/div>\n    <\/div>\t\t\t\t<\/div>\n\t\t\t\t\t<\/div>\n\t\t\t\t<\/div>\n\t\t<div class=\"elementor-element elementor-element-60cd44e e-flex e-con-boxed e-con e-parent\" data-id=\"60cd44e\" data-element_type=\"container\" data-e-type=\"container\" data-settings=\"{&quot;background_background&quot;:&quot;classic&quot;}\">\n\t\t\t\t\t<div class=\"e-con-inner\">\n\t\t<div class=\"elementor-element elementor-element-02f4e64 e-con-full e-flex e-con e-child\" data-id=\"02f4e64\" data-element_type=\"container\" data-e-type=\"container\">\n\t\t\t\t<\/div>\n\t\t<div class=\"elementor-element elementor-element-d5af096 e-con-full e-flex e-con e-child\" data-id=\"d5af096\" data-element_type=\"container\" data-e-type=\"container\">\n\t\t\t\t<div class=\"elementor-element elementor-element-ca4c4a3 elementor-widget elementor-widget-elementskit-heading\" data-id=\"ca4c4a3\" data-element_type=\"widget\" data-e-type=\"widget\" data-widget_type=\"elementskit-heading.default\">\n\t\t\t\t\t<div class=\"ekit-wid-con\" ><div class=\"ekit-heading elementskit-section-title-wraper text_left   ekit_heading_tablet-   ekit_heading_mobile-\"><h2 class=\"ekit-heading--title elementskit-section-title\">We manage a wide network of insurance companies.<\/h2>\t\t\t\t<div class='ekit-heading__description'>\n\t\t\t\t\t<p>For your peace of mind, we have direct agreements with a wide and recognized network of major medical insurance companies. This guarantees the application of your policy and facilitates your access to specialized surgical care.<\/p>\n\t\t\t\t<\/div>\n\t\t\t<\/div><\/div>\t\t\t\t<\/div>\n\t\t\t\t<\/div>\n\t\t\t\t\t<\/div>\n\t\t\t\t<\/div>\n\t\t\t\t<\/div>","protected":false},"excerpt":{"rendered":"<p>Tu salud est\u00e1 en el centro de cada decisi\u00f3n. Mi compromiso es con tu bienestar integral Mi enfoque es la seguridad y la pronta recuperaci\u00f3n. Me especializo en laparoscopia y m\u00ednima invasi\u00f3n, garantizando resultados precisos y menos dolor. Empleo la tecnolog\u00eda avanzada al servicio de tu bienestar. Contacto Conoce mas acerca de mi Acerca de [&hellip;]<\/p>\n","protected":false},"author":1,"featured_media":0,"parent":0,"menu_order":0,"comment_status":"closed","ping_status":"closed","template":"elementor_header_footer","meta":{"_joinchat":[],"footnotes":""},"class_list":["post-163","page","type-page","status-publish","hentry"],"_links":{"self":[{"href":"https:\/\/cirujanoalejandroaceves.com\/en\/wp-json\/wp\/v2\/pages\/163","targetHints":{"allow":["GET"]}}],"collection":[{"href":"https:\/\/cirujanoalejandroaceves.com\/en\/wp-json\/wp\/v2\/pages"}],"about":[{"href":"https:\/\/cirujanoalejandroaceves.com\/en\/wp-json\/wp\/v2\/types\/page"}],"author":[{"embeddable":true,"href":"https:\/\/cirujanoalejandroaceves.com\/en\/wp-json\/wp\/v2\/users\/1"}],"replies":[{"embeddable":true,"href":"https:\/\/cirujanoalejandroaceves.com\/en\/wp-json\/wp\/v2\/comments?post=163"}],"version-history":[{"count":106,"href":"https:\/\/cirujanoalejandroaceves.com\/en\/wp-json\/wp\/v2\/pages\/163\/revisions"}],"predecessor-version":[{"id":1055,"href":"https:\/\/cirujanoalejandroaceves.com\/en\/wp-json\/wp\/v2\/pages\/163\/revisions\/1055"}],"wp:attachment":[{"href":"https:\/\/cirujanoalejandroaceves.com\/en\/wp-json\/wp\/v2\/media?parent=163"}],"curies":[{"name":"wp","href":"https:\/\/api.w.org\/{rel}","templated":true}]}}